{"id":1199,"date":"2026-04-01T07:59:08","date_gmt":"2026-04-01T12:59:08","guid":{"rendered":"https:\/\/techservicesperu.com\/faresa2\/?page_id=1199"},"modified":"2026-04-01T08:35:14","modified_gmt":"2026-04-01T13:35:14","slug":"canal-de-denuncias","status":"publish","type":"page","link":"https:\/\/techservicesperu.com\/faresa2\/canal-de-denuncias\/","title":{"rendered":"Canal de Denuncias"},"content":{"rendered":"<div class=\"wpb-content-wrapper\"><p>[vc_row css=\u00bb.vc_custom_1541576403059{padding-top: 100px !important;padding-bottom: 100px !important;}\u00bb][vc_column width=\u00bb1\/2&#8243;][vc_column_text css=\u00bb.vc_custom_1775048236525{margin-bottom: 90px !important;}\u00bb]<\/p>\n<h3>CANAL DE DENUNCIAS<\/h3>\n<p>El Canal de Denuncias de FARESA le permitir\u00e1 comunicar de manera confidencial y segura, aquellas actividades y conductas potencialmente irregulares que puedan suponer un incumplimiento de nuestro Modelo de Prevenci\u00f3n (Compliance Program) y de nuestro C\u00f3digo de \u00e9tica.<\/p>\n<p><strong>Responsable del Modelo de Prevenci\u00f3n<\/strong><br \/>\n<strong>Fabricaci\u00f3n de Repuestos S.A.<\/strong><\/p>\n<p><strong>Email:<\/strong> faresa@faresa.com.pe<\/p>\n<p><strong>Telefono:<\/strong> +(511) 572 1666<\/p>\n<p>Link para acceder al Canal de Denuncias de FARESA:<\/p>\n<p>[\/vc_column_text][\/vc_column][vc_column width=\u00bb1\/2&#8243;][vc_single_image image=\u00bb1209&#8243; img_size=\u00bb350&#215;350&#8243; alignment=\u00bbcenter\u00bb css=\u00bb\u00bb][\/vc_column][\/vc_row]<\/p>\n<\/div>","protected":false},"excerpt":{"rendered":"<p>[vc_row css=\u00bb.vc_custom_1541576403059{padding-top: 100px !important;padding-bottom: 100px !important;}\u00bb][vc_column width=\u00bb1\/2&#8243;][vc_column_text css=\u00bb.vc_custom_1775048236525{margin-bottom: 90px !important;}\u00bb] CANAL DE DENUNCIAS El Canal de Denuncias de FARESA le permitir\u00e1 comunicar de manera confidencial y segura, aquellas actividades y conductas potencialmente irregulares que puedan suponer un incumplimiento de nuestro Modelo de Prevenci\u00f3n (Compliance Program) y de nuestro C\u00f3digo de \u00e9tica. Responsable del Modelo de [&hellip;]<\/p>\n","protected":false},"author":1,"featured_media":0,"parent":0,"menu_order":0,"comment_status":"closed","ping_status":"closed","template":"","meta":{"_joinchat":[],"footnotes":""},"class_list":["post-1199","page","type-page","status-publish","hentry"],"_links":{"self":[{"href":"https:\/\/techservicesperu.com\/faresa2\/wp-json\/wp\/v2\/pages\/1199","targetHints":{"allow":["GET"]}}],"collection":[{"href":"https:\/\/techservicesperu.com\/faresa2\/wp-json\/wp\/v2\/pages"}],"about":[{"href":"https:\/\/techservicesperu.com\/faresa2\/wp-json\/wp\/v2\/types\/page"}],"author":[{"embeddable":true,"href":"https:\/\/techservicesperu.com\/faresa2\/wp-json\/wp\/v2\/users\/1"}],"replies":[{"embeddable":true,"href":"https:\/\/techservicesperu.com\/faresa2\/wp-json\/wp\/v2\/comments?post=1199"}],"version-history":[{"count":8,"href":"https:\/\/techservicesperu.com\/faresa2\/wp-json\/wp\/v2\/pages\/1199\/revisions"}],"predecessor-version":[{"id":1210,"href":"https:\/\/techservicesperu.com\/faresa2\/wp-json\/wp\/v2\/pages\/1199\/revisions\/1210"}],"wp:attachment":[{"href":"https:\/\/techservicesperu.com\/faresa2\/wp-json\/wp\/v2\/media?parent=1199"}],"curies":[{"name":"wp","href":"https:\/\/api.w.org\/{rel}","templated":true}]}}