{"id":172,"date":"2018-11-20T03:03:42","date_gmt":"2018-11-20T03:03:42","guid":{"rendered":"http:\/\/localhost\/industro\/?page_id=172"},"modified":"2026-02-02T09:18:27","modified_gmt":"2026-02-02T14:18:27","slug":"home-1","status":"publish","type":"page","link":"https:\/\/techservicesperu.com\/faresa2\/","title":{"rendered":"Home 1"},"content":{"rendered":"<div class=\"wpb-content-wrapper\"><p>[vc_row full_width=\u00bbstretch_row_content_no_spaces\u00bb fullwidth=\u00bbtrue\u00bb][vc_column][rev_slider_vc alias=\u00bbhome1&#8243;][\/vc_column][\/vc_row][vc_row css=\u00bb.vc_custom_1695283236364{background-color: #f0f1f6 !important;}\u00bb el_class=\u00bbsec-on\u00bb][vc_column css=\u00bb.vc_custom_1542708320379{margin-top: -70px !important;}\u00bb]\n    <div class=\"features-box col-md-4 \" style=\"background-image: url('https:\/\/techservicesperu.com\/faresa2\/wp-content\/uploads\/2026\/02\/gaseosa.png');\">\n        <div class=\"content-box\">\n            <h5>AGUAS, JUGOS Y GASEOSA<\/h5>\n            <p><\/p>\n<p>&nbsp;<\/p>\n<p>&nbsp;<\/p>\n<p><\/p>\n            <a class=\"link-box\" href=\"#\" target=\"_self\"><\/a>        <\/div>\n    <\/div>\n\n    \n    <div class=\"features-box col-md-4 \" style=\"background-image: url('https:\/\/techservicesperu.com\/faresa2\/wp-content\/uploads\/2026\/02\/licores.jpg');\">\n        <div class=\"content-box\">\n            <h5>CERVEZAS, VINOS Y LICORES<\/h5>\n            <p><\/p>\n<p>&nbsp;<\/p>\n<p>&nbsp;<\/p>\n<p><\/p>\n            <a class=\"link-box\" href=\"#\" target=\"_self\"><\/a>        <\/div>\n    <\/div>\n\n    \n    <div class=\"features-box col-md-4 \" style=\"background-image: url('https:\/\/techservicesperu.com\/faresa2\/wp-content\/uploads\/2026\/02\/eaceite_1.jpg');\">\n        <div class=\"content-box\">\n            <h5>ACEITES Y VINAGRE<\/h5>\n            <p><\/p>\n<p>&nbsp;<\/p>\n<p>&nbsp;<\/p>\n<p><\/p>\n            <a class=\"link-box\" href=\"#\" target=\"_self\"><\/a>        <\/div>\n    <\/div>\n\n    [\/vc_column][\/vc_row][vc_row css=\u00bb.vc_custom_1542787015577{padding-top: 50px !important;background-color: #f0f1f6 !important;}\u00bb][vc_column offset=\u00bbvc_col-md-5&#8243;][vc_column_text css=\u00bb.vc_custom_1757091020230{margin-bottom: 27px !important;padding-top: 50px !important;}\u00bb]<\/p>\n<p class=\"subtitle\"><strong>FABRICACION DE REPUESTOS S.A.<\/strong><\/p>\n<h2>MAS DE 40 A\u00d1OS CONTRIBUYENDO CON EL DESARROLLO DEL PAIS.<\/h2>\n<p>[\/vc_column_text][vc_column_text css=\u00bb\u00bb]Somos una empresa de maestranza de precisi\u00f3n, con m\u00e1s de 40 a\u00f1os de experiencia, l\u00edder en la fabricaci\u00f3n de repuestos y en proyectos de automatizaci\u00f3n y mantenimiento de equipos industriales, dedicados a brindar soluciones de calidad a las empresas m\u00e1s importantes del pa\u00eds.<\/p>\n<p>Somos una organizaci\u00f3n moderna que gestiona sus recursos de manera responsable, cuidando cada eslab\u00f3n de su cadena producci\u00f3n.<\/p>\n<p class=\"signature\"><strong>Daphnee Schohen<\/strong><br \/>\nCEO &amp; Founder<\/p>\n<p>[\/vc_column_text][vc_single_image image=\u00bb526&#8243; img_size=\u00bbfull\u00bb][\/vc_column][vc_column offset=\u00bbvc_col-md-offset-1 vc_col-md-6&#8243;][vc_single_image image=\u00bb523&#8243; img_size=\u00bbfull\u00bb alignment=\u00bbcenter\u00bb css=\u00bb.vc_custom_1542786968291{margin-bottom: 0px !important;}\u00bb][\/vc_column][\/vc_row][vc_row equal_height=\u00bbyes\u00bb content_placement=\u00bbbottom\u00bb css=\u00bb.vc_custom_1769994812715{padding-top: 50px !important;padding-bottom: 50px !important;background-color: #f7f7f7 !important;}\u00bb][vc_column][vc_column_text css=\u00bb\u00bb]<\/p>\n<p class=\"subtitle\">NOS ESPECIALIZAMOS EN<\/p>\n<h2>SOLUCIONES PARA CADA INDUSTRIA<\/h2>\n<p>[\/vc_column_text][\/vc_column][vc_column width=\u00bb1\/2&#8243; offset=\u00bbvc_col-md-3&#8243;]\n    <div class=\"service-box \">\n        <img decoding=\"async\" src=\"https:\/\/techservicesperu.com\/faresa2\/wp-content\/uploads\/2025\/09\/fabricacion-repuestos-1.jpg\" alt=\"service\">        <div class=\"content-box\">\n            <h5>FABRICACION DE REPUESTOS<\/h5>\n            <p><\/p>\n            <a class=\"link-box\" href=\"https:\/\/techservicesperu.com\/faresa2\/our-services\/industry-contruction\/\" target=\"_blank\">M\u00e1s detalles...<\/a>        <\/div>\n    <\/div>\n\n    [vc_empty_space height=\u00bb40px\u00bb el_class=\u00bblg-hidden\u00bb][\/vc_column][vc_column width=\u00bb1\/2&#8243; offset=\u00bbvc_col-md-3&#8243;]\n    <div class=\"service-box \">\n        <img decoding=\"async\" src=\"https:\/\/techservicesperu.com\/faresa2\/wp-content\/uploads\/2025\/09\/portada2_2.jpg\" alt=\"service\">        <div class=\"content-box\">\n            <h5>MONTAJE Y MANTENIMIENTO<\/h5>\n            <p><\/p>\n            <a class=\"link-box\" href=\"https:\/\/techservicesperu.com\/faresa2\/our-services\/material-engineering\/\" target=\"_self\">Mas detalles...<\/a>        <\/div>\n    <\/div>\n\n    [vc_empty_space height=\u00bb40px\u00bb el_class=\u00bblg-hidden\u00bb][\/vc_column][vc_column width=\u00bb1\/2&#8243; offset=\u00bbvc_col-md-3&#8243;]\n    <div class=\"service-box \">\n        <img decoding=\"async\" src=\"https:\/\/techservicesperu.com\/faresa2\/wp-content\/uploads\/2025\/09\/equipamiento_accesorios-1.jpg\" alt=\"service\">        <div class=\"content-box\">\n            <h5>EQUIPAMIENTO Y ACCESORIOS<\/h5>\n            <p><\/p>\n            <a class=\"link-box\" href=\"https:\/\/techservicesperu.com\/faresa2\/our-services\/petroleum-industry\/\" target=\"_self\">Mas detalles..<\/a>        <\/div>\n    <\/div>\n\n    [vc_empty_space height=\u00bb40px\u00bb el_class=\u00bblg-hidden md-hidden\u00bb][\/vc_column][vc_column width=\u00bb1\/2&#8243; offset=\u00bbvc_col-md-3&#8243;]\n    <div class=\"service-box \">\n        <img decoding=\"async\" src=\"https:\/\/techservicesperu.com\/faresa2\/wp-content\/uploads\/2025\/09\/mm_imagen_2.jpg\" alt=\"service\">        <div class=\"content-box\">\n            <h5>TRANSPORTADORES CADENAS Y ACCESORIOS<\/h5>\n            <p><\/p>\n            <a class=\"link-box\" href=\"https:\/\/wpdemo2.vegatheme.com\/industro\/our-services\/industry-contruction\/\" target=\"_self\">More details<\/a>        <\/div>\n    <\/div>\n\n    [\/vc_column][\/vc_row][vc_row css=\u00bb.vc_custom_1769995986247{padding-top: 50px !important;background-color: #f7f7f7 !important;}\u00bb][vc_column][vc_column_text css=\u00bb.vc_custom_1542012752515{margin-bottom: 90px !important;}\u00bb]<\/p>\n<p class=\"subtitle\">NUESTRO TRABAJO<\/p>\n<h2>Nuestros Proyectoss<\/h2>\n<p>[\/vc_column_text]\n    <div class=\"project-filter \" data-column=\"3\">\n                <div id=\"projects\" class=\"project-grid projects row style-2\">\n                            <div class=\"project-item petroleum col-md-8 col-sm-6 big-thumb\">\n                    <div class=\"inner\">\n                        <a href=\"https:\/\/techservicesperu.com\/faresa2\/portfolio\/college-of-the-holy-cross\/\">\n                            <img decoding=\"async\" src=\"https:\/\/techservicesperu.com\/faresa2\/wp-content\/uploads\/2018\/11\/4.jpg\" alt=\"\" \/>\n                        <\/a>\n                        <div class=\"p-info\">\n                            <h4>\n                                <a href=\"https:\/\/techservicesperu.com\/faresa2\/portfolio\/college-of-the-holy-cross\/\">College of the Holy Cross<\/a>\n                            <\/h4>\n                            <p>Petroleum \/ 2016 \/ Roma<\/p>\n                            <a class=\"link-details\" href=\"https:\/\/techservicesperu.com\/faresa2\/portfolio\/college-of-the-holy-cross\/\"><\/a>\n                        <\/div>\n                    <\/div>\n                <\/div>\n                            <div class=\"project-item energy col-md-4 col-sm-6 small-thumb\">\n                    <div class=\"inner\">\n                        <a href=\"https:\/\/techservicesperu.com\/faresa2\/portfolio\/gothia-mining-factory\/\">\n                            <img decoding=\"async\" src=\"https:\/\/techservicesperu.com\/faresa2\/wp-content\/uploads\/2018\/11\/project-2.jpg\" alt=\"\" \/>\n                        <\/a>\n                        <div class=\"p-info\">\n                            <h4>\n                                <a href=\"https:\/\/techservicesperu.com\/faresa2\/portfolio\/gothia-mining-factory\/\">Gothia Mining Factory<\/a>\n                            <\/h4>\n                            <p>Energy \/ 2016 \/ New York<\/p>\n                            <a class=\"link-details\" href=\"https:\/\/techservicesperu.com\/faresa2\/portfolio\/gothia-mining-factory\/\"><\/a>\n                        <\/div>\n                    <\/div>\n                <\/div>\n                            <div class=\"project-item contruction col-md-4 col-sm-6 small-thumb\">\n                    <div class=\"inner\">\n                        <a href=\"https:\/\/techservicesperu.com\/faresa2\/portfolio\/benchmark-technologies\/\">\n                            <img decoding=\"async\" src=\"https:\/\/techservicesperu.com\/faresa2\/wp-content\/uploads\/2018\/11\/project-3.jpg\" alt=\"\" \/>\n                        <\/a>\n                        <div class=\"p-info\">\n                            <h4>\n                                <a href=\"https:\/\/techservicesperu.com\/faresa2\/portfolio\/benchmark-technologies\/\">Benchmark Technologies<\/a>\n                            <\/h4>\n                            <p>Contruction \/ 2017 \/ Brasilia<\/p>\n                            <a class=\"link-details\" href=\"https:\/\/techservicesperu.com\/faresa2\/portfolio\/benchmark-technologies\/\"><\/a>\n                        <\/div>\n                    <\/div>\n                <\/div>\n                            <div class=\"project-item engineering col-md-4 col-sm-6 small-thumb\">\n                    <div class=\"inner\">\n                        <a href=\"https:\/\/techservicesperu.com\/faresa2\/portfolio\/deploy-b2c-mindshare\/\">\n                            <img decoding=\"async\" src=\"https:\/\/techservicesperu.com\/faresa2\/wp-content\/uploads\/2018\/11\/project-4.jpg\" alt=\"\" \/>\n                        <\/a>\n                        <div class=\"p-info\">\n                            <h4>\n                                <a href=\"https:\/\/techservicesperu.com\/faresa2\/portfolio\/deploy-b2c-mindshare\/\">Deploy B2C mindshare<\/a>\n                            <\/h4>\n                            <p>Engineering \/ 2017 \/ Washington<\/p>\n                            <a class=\"link-details\" href=\"https:\/\/techservicesperu.com\/faresa2\/portfolio\/deploy-b2c-mindshare\/\"><\/a>\n                        <\/div>\n                    <\/div>\n                <\/div>\n                            <div class=\"project-item petroleum col-md-4 col-sm-6 small-thumb\">\n                    <div class=\"inner\">\n                        <a href=\"https:\/\/techservicesperu.com\/faresa2\/portfolio\/jalapeno-popper-dip\/\">\n                            <img decoding=\"async\" src=\"https:\/\/techservicesperu.com\/faresa2\/wp-content\/uploads\/2018\/11\/project-5.jpg\" alt=\"\" \/>\n                        <\/a>\n                        <div class=\"p-info\">\n                            <h4>\n                                <a href=\"https:\/\/techservicesperu.com\/faresa2\/portfolio\/jalapeno-popper-dip\/\">Jalapeno Popper Dip<\/a>\n                            <\/h4>\n                            <p>Petroleum \/ 2017 \/ Roma<\/p>\n                            <a class=\"link-details\" href=\"https:\/\/techservicesperu.com\/faresa2\/portfolio\/jalapeno-popper-dip\/\"><\/a>\n                        <\/div>\n                    <\/div>\n                <\/div>\n                            <div class=\"project-item energy col-md-4 col-sm-6 small-thumb\">\n                    <div class=\"inner\">\n                        <a href=\"https:\/\/techservicesperu.com\/faresa2\/portfolio\/monetize-b2b-portals\/\">\n                            <img decoding=\"async\" src=\"https:\/\/techservicesperu.com\/faresa2\/wp-content\/uploads\/2018\/11\/project-6.jpg\" alt=\"\" \/>\n                        <\/a>\n                        <div class=\"p-info\">\n                            <h4>\n                                <a href=\"https:\/\/techservicesperu.com\/faresa2\/portfolio\/monetize-b2b-portals\/\">Monetize B2B portals<\/a>\n                            <\/h4>\n                            <p>Energy \/ 2018 \/ Sydney<\/p>\n                            <a class=\"link-details\" href=\"https:\/\/techservicesperu.com\/faresa2\/portfolio\/monetize-b2b-portals\/\"><\/a>\n                        <\/div>\n                    <\/div>\n                <\/div>\n                    <\/div>\n    <\/div>\n\n    [\/vc_column][\/vc_row][vc_row equal_height=\u00bbyes\u00bb content_placement=\u00bbmiddle\u00bb css=\u00bb.vc_custom_1700109076534{padding-top: 100px !important;padding-bottom: 100px !important;background-image: url(http:\/\/wpdemo2.vegatheme.com\/industro\/wp-content\/uploads\/sites\/3\/2018\/11\/bg-home-dark.png?id=544) !important;background-position: center !important;background-repeat: no-repeat !important;background-size: cover !important;}\u00bb][vc_column offset=\u00bbvc_col-md-6&#8243;][vc_custom_heading text=\u00bbSoluciones perfectas para cualquier industria\u00bb font_container=\u00bbtag:h2|text_align:left|color:%23ffffff\u00bb use_theme_fonts=\u00bbyes\u00bb css=\u00bb.vc_custom_1769996066650{margin-bottom: 0px !important;}\u00bb][\/vc_column][vc_column offset=\u00bbvc_col-md-6&#8243;][vc_row_inner][vc_column_inner width=\u00bb1\/3&#8243; offset=\u00bbvc_col-xs-4&#8243;]\n    <div class=\"fun-facts \">\n        <div class=\"number-fact\">\n            <span class=\"number\" data-to=\"40\" data-inviewport=\"yes\">0<\/span>\n        <\/div>\n        <div class=\"title-fact\">\n            A\u00f1os            <span class=\"text-primary\">Experiencia<\/span>\n        <\/div>\n    <\/div>\n\n    [\/vc_column_inner][vc_column_inner width=\u00bb1\/3&#8243; offset=\u00bbvc_col-xs-4&#8243;]\n    <div class=\"fun-facts \">\n        <div class=\"number-fact\">\n            <span class=\"number\" data-to=\"300\" data-inviewport=\"yes\">0<\/span>\n        <\/div>\n        <div class=\"title-fact\">\n            Projectos            <span class=\"text-primary\">Completados<\/span>\n        <\/div>\n    <\/div>\n\n    [\/vc_column_inner][vc_column_inner width=\u00bb1\/3&#8243; offset=\u00bbvc_col-xs-4&#8243;]\n    <div class=\"fun-facts \">\n        <div class=\"number-fact\">\n            <span class=\"number\" data-to=\"50\" data-inviewport=\"yes\">0<\/span>\n        <\/div>\n        <div class=\"title-fact\">\n            Colaboradores            <span class=\"text-primary\">Especializados<\/span>\n        <\/div>\n    <\/div>\n\n    [\/vc_column_inner][\/vc_row_inner][vc_empty_space height=\u00bb60px\u00bb el_class=\u00bblg-hidden\u00bb][\/vc_column][\/vc_row][vc_row css=\u00bb.vc_custom_1769995482914{padding-top: 50px !important;padding-bottom: 50px !important;background-color: #f7f7f7 !important;}\u00bb][vc_column][vc_column_text css=\u00bb.vc_custom_1769995469227{margin-bottom: 60px !important;}\u00bb]<\/p>\n<p class=\"subtitle\">NUESTROS<\/p>\n<h2>CLIENTES<\/h2>\n<p>[\/vc_column_text]\n            <div class=\"partner-grid logo-grid col-6\">\n            <div class=\"grid-row\">\n                                    <div class=\"partner-item  one-row\">\n                                                    <img decoding=\"async\" src=\"https:\/\/techservicesperu.com\/faresa2\/wp-content\/uploads\/2025\/10\/CERVECERIA-NACIONAL.png\" alt=\"\">\n                                            <\/div>\n                                    <div class=\"partner-item \">\n                                                    <img decoding=\"async\" src=\"https:\/\/techservicesperu.com\/faresa2\/wp-content\/uploads\/2025\/10\/GRUPO_MODELO_TROPICO.png\" alt=\"\">\n                                            <\/div>\n                                    <div class=\"partner-item \">\n                                                    <img decoding=\"async\" src=\"https:\/\/techservicesperu.com\/faresa2\/wp-content\/uploads\/2025\/10\/BAVARIA-LOGO.png\" alt=\"\">\n                                            <\/div>\n                                    <div class=\"partner-item \">\n                                                    <img decoding=\"async\" src=\"https:\/\/techservicesperu.com\/faresa2\/wp-content\/uploads\/2025\/10\/heineken-1.png\" alt=\"\">\n                                            <\/div>\n                                    <div class=\"partner-item \">\n                                                    <img decoding=\"async\" src=\"https:\/\/techservicesperu.com\/faresa2\/wp-content\/uploads\/2025\/10\/CerveceriaUnion-logo.png\" alt=\"\">\n                                            <\/div>\n                                    <div class=\"partner-item \">\n                                                    <img decoding=\"async\" src=\"https:\/\/techservicesperu.com\/faresa2\/wp-content\/uploads\/2025\/10\/San-fernando-1.png\" alt=\"\">\n                                            <\/div>\n                                    <div class=\"partner-item last one-row\">\n                                                    <img decoding=\"async\" src=\"https:\/\/techservicesperu.com\/faresa2\/wp-content\/uploads\/2025\/10\/Gloria-1.png\" alt=\"\">\n                                            <\/div>\n                                    <div class=\"partner-item last\">\n                                                    <img decoding=\"async\" src=\"https:\/\/techservicesperu.com\/faresa2\/wp-content\/uploads\/2025\/09\/alicorp.png\" alt=\"\">\n                                            <\/div>\n                                    <div class=\"partner-item last\">\n                                                    <img decoding=\"async\" src=\"https:\/\/techservicesperu.com\/faresa2\/wp-content\/uploads\/2025\/09\/cerveceria-union.png\" alt=\"\">\n                                            <\/div>\n                                    <div class=\"partner-item last\">\n                                                    <img decoding=\"async\" src=\"https:\/\/techservicesperu.com\/faresa2\/wp-content\/uploads\/2025\/09\/backus.png\" alt=\"\">\n                                            <\/div>\n                                    <div class=\"partner-item last\">\n                                                    <img decoding=\"async\" src=\"https:\/\/techservicesperu.com\/faresa2\/wp-content\/uploads\/2025\/09\/dhl.png\" alt=\"\">\n                                            <\/div>\n                                    <div class=\"partner-item last\">\n                                                    <img decoding=\"async\" src=\"https:\/\/techservicesperu.com\/faresa2\/wp-content\/uploads\/2025\/09\/san-juan.png\" alt=\"\">\n                                            <\/div>\n                            <\/div>\n        <\/div>\n    \n    [\/vc_column][\/vc_row][vc_row css=\u00bb.vc_custom_1769995048836{padding-top: 50px !important;padding-bottom: 50px !important;}\u00bb][vc_column][vc_column_text css=\u00bb\u00bb]<\/p>\n<p class=\"subtitle\">NUESTRAS<\/p>\n<h2>CERTIFICACIONES Y HOMOLOGACIONES<\/h2>\n<p>[\/vc_column_text][\/vc_column][\/vc_row][vc_row][vc_column width=\u00bb1\/3&#8243;][vc_single_image image=\u00bb1048&#8243; alignment=\u00bbcenter\u00bb onclick=\u00bbcustom_link\u00bb img_link_target=\u00bb_blank\u00bb css=\u00bb\u00bb link=\u00bbhttps:\/\/techservicesperu.com\/faresa2\/certificados\/9001_FABRICACION_DE _REPUESTOS.pdf\u00bb][\/vc_column][vc_column width=\u00bb1\/3&#8243;][vc_single_image image=\u00bb1139&#8243; img_size=\u00bbfull\u00bb alignment=\u00bbcenter\u00bb onclick=\u00bbcustom_link\u00bb img_link_target=\u00bb_blank\u00bb css=\u00bb\u00bb link=\u00bbhttps:\/\/techservicesperu.com\/faresa2\/certificados\/CERTIFICADO_GLORIA_ICONTEC.pdf\u00bb][\/vc_column][vc_column width=\u00bb1\/3&#8243;][vc_single_image image=\u00bb1190&#8243; img_size=\u00bbfull\u00bb alignment=\u00bbcenter\u00bb onclick=\u00bbcustom_link\u00bb img_link_target=\u00bb_blank\u00bb css=\u00bb\u00bb link=\u00bbhttps:\/\/techservicesperu.com\/faresa2\/certificados\/CERTIFICADO_BUREAU_VERITAS.pdf\u00bb][\/vc_column][\/vc_row]<\/p>\n<\/div>","protected":false},"excerpt":{"rendered":"<p>[vc_row full_width=\u00bbstretch_row_content_no_spaces\u00bb fullwidth=\u00bbtrue\u00bb][vc_column][rev_slider_vc alias=\u00bbhome1&#8243;][\/vc_column][\/vc_row][vc_row css=\u00bb.vc_custom_1695283236364{background-color: #f0f1f6 !important;}\u00bb el_class=\u00bbsec-on\u00bb][vc_column css=\u00bb.vc_custom_1542708320379{margin-top: -70px !important;}\u00bb][\/vc_column][\/vc_row][vc_row css=\u00bb.vc_custom_1542787015577{padding-top: 50px !important;background-color: #f0f1f6 !important;}\u00bb][vc_column offset=\u00bbvc_col-md-5&#8243;][vc_column_text css=\u00bb.vc_custom_1757091020230{margin-bottom: 27px !important;padding-top: 50px !important;}\u00bb] FABRICACION DE REPUESTOS S.A. MAS DE 40 A\u00d1OS CONTRIBUYENDO CON EL DESARROLLO DEL PAIS. [\/vc_column_text][vc_column_text css=\u00bb\u00bb]Somos una empresa de maestranza de precisi\u00f3n, con m\u00e1s de 40 a\u00f1os de experiencia, l\u00edder en la fabricaci\u00f3n [&hellip;]<\/p>\n","protected":false},"author":1,"featured_media":0,"parent":0,"menu_order":0,"comment_status":"closed","ping_status":"closed","template":"","meta":{"_joinchat":[],"footnotes":""},"class_list":["post-172","page","type-page","status-publish","hentry"],"_links":{"self":[{"href":"https:\/\/techservicesperu.com\/faresa2\/wp-json\/wp\/v2\/pages\/172","targetHints":{"allow":["GET"]}}],"collection":[{"href":"https:\/\/techservicesperu.com\/faresa2\/wp-json\/wp\/v2\/pages"}],"about":[{"href":"https:\/\/techservicesperu.com\/faresa2\/wp-json\/wp\/v2\/types\/page"}],"author":[{"embeddable":true,"href":"https:\/\/techservicesperu.com\/faresa2\/wp-json\/wp\/v2\/users\/1"}],"replies":[{"embeddable":true,"href":"https:\/\/techservicesperu.com\/faresa2\/wp-json\/wp\/v2\/comments?post=172"}],"version-history":[{"count":42,"href":"https:\/\/techservicesperu.com\/faresa2\/wp-json\/wp\/v2\/pages\/172\/revisions"}],"predecessor-version":[{"id":1191,"href":"https:\/\/techservicesperu.com\/faresa2\/wp-json\/wp\/v2\/pages\/172\/revisions\/1191"}],"wp:attachment":[{"href":"https:\/\/techservicesperu.com\/faresa2\/wp-json\/wp\/v2\/media?parent=172"}],"curies":[{"name":"wp","href":"https:\/\/api.w.org\/{rel}","templated":true}]}}