{"id":173,"date":"2018-11-07T07:34:16","date_gmt":"2018-11-07T07:34:16","guid":{"rendered":"http:\/\/localhost\/industro\/?page_id=173"},"modified":"2026-02-01T21:43:35","modified_gmt":"2026-02-02T02:43:35","slug":"about-us","status":"publish","type":"page","link":"https:\/\/techservicesperu.com\/faresa2\/about-us\/","title":{"rendered":"Sobre Faresa"},"content":{"rendered":"<div class=\"wpb-content-wrapper\"><p>[vc_row css=\u00bb.vc_custom_1541576403059{padding-top: 100px !important;padding-bottom: 100px !important;}\u00bb][vc_column offset=\u00bbvc_col-md-6&#8243;][vc_custom_heading text=\u00bbEstamos estrechamente vinculados con nuestras clientes.\u00bb font_container=\u00bbtag:p|font_size:60px|text_align:left|color:%230a0f2b|line_height:68px\u00bb google_fonts=\u00bbfont_family:Roboto%3A100%2C100italic%2C300%2C300italic%2Cregular%2Citalic%2C500%2C500italic%2C700%2C700italic%2C900%2C900italic|font_style:300%20light%20regular%3A300%3Anormal\u00bb css=\u00bb.vc_custom_1761856923120{margin-bottom: 50px !important;}\u00bb][\/vc_column][vc_column offset=\u00bbvc_col-md-6&#8243;][vc_row_inner][vc_column_inner width=\u00bb1\/2&#8243;]\n    <div class=\"icon-box  \">\n                <img decoding=\"async\" src=\"https:\/\/techservicesperu.com\/faresa2\/wp-content\/uploads\/2018\/11\/team.png\" alt=\"icon\">        <div class=\"content-box\">\n            <h5>EQUIPO COMPROMETIDO<\/h5>\n            <p><\/p>\n                    <\/div>\n    <\/div>\n\n    [vc_empty_space height=\u00bb50px\u00bb]\n    <div class=\"icon-box  \">\n                <img decoding=\"async\" src=\"https:\/\/techservicesperu.com\/faresa2\/wp-content\/uploads\/2018\/11\/team-global.png\" alt=\"icon\">        <div class=\"content-box\">\n            <h5>CONOCIMIENTO GLOBAL<\/h5>\n            <p><\/p>\n                    <\/div>\n    <\/div>\n\n    [vc_empty_space height=\u00bb50px\u00bb el_class=\u00bblg-hidden md-hidden\u00bb][\/vc_column_inner][vc_column_inner width=\u00bb1\/2&#8243;]\n    <div class=\"icon-box  \">\n                <img decoding=\"async\" src=\"https:\/\/techservicesperu.com\/faresa2\/wp-content\/uploads\/2018\/11\/handshake.png\" alt=\"icon\">        <div class=\"content-box\">\n            <h5>Verdaderos Socios<\/h5>\n            <p><\/p>\n                    <\/div>\n    <\/div>\n\n    [vc_empty_space height=\u00bb50px\u00bb]\n    <div class=\"icon-box  \">\n                <img decoding=\"async\" src=\"https:\/\/techservicesperu.com\/faresa2\/wp-content\/uploads\/2018\/11\/idea.png\" alt=\"icon\">        <div class=\"content-box\">\n            <h5>IDEAS E INNOVACION<\/h5>\n            <p><\/p>\n                    <\/div>\n    <\/div>\n\n    [\/vc_column_inner][\/vc_row_inner][\/vc_column][\/vc_row][vc_row css=\u00bb.vc_custom_1541754689598{padding-top: 65px !important;background-color: #f7f7f7 !important;}\u00bb][vc_column offset=\u00bbvc_col-md-6&#8243;][vc_single_image image=\u00bb201&#8243; img_size=\u00bbfull\u00bb alignment=\u00bbcenter\u00bb css=\u00bb.vc_custom_1541733874834{margin-bottom: 0px !important;}\u00bb el_class=\u00bblg-left-100&#8243;][\/vc_column][vc_column offset=\u00bbvc_col-md-6&#8243;][vc_custom_heading text=\u00bbPOL\u00cdTICA DE CALIDAD\u00bb use_theme_fonts=\u00bbyes\u00bb css=\u00bb.vc_custom_1769999217373{margin-top: 25px !important;margin-bottom: 20px !important;}\u00bb el_class=\u00bblg-right70&#8243;][vc_column_text css=\u00bb\u00bb]<\/p>\n<p style=\"text-align: left;\">En <strong>FABRICACI\u00d3N DE REPUESTOS SA<\/strong> nos dedicamos a la fabricaci\u00f3n de piezas met\u00e1licas para maquinarias industriales a nivel nacional e internacional, por tal motivo manifestamos que el cumplimiento de los requisitos y satisfacci\u00f3n de nuestros clientes, son nuestros principios estrat\u00e9gicos organizacionales con una clara vocaci\u00f3n de alcanzar el m\u00e1ximo nivel de seguridad, calidad y protecci\u00f3n del medio ambiente en sus productos y en las actividades que desarrolla. Para ello estable, declara y asume los siguientes principios:<\/p>\n<p>[\/vc_column_text][vc_tta_accordion c_icon=\u00bbchevron\u00bb c_position=\u00bbright\u00bb active_section=\u00bb1&#8243; el_class=\u00bblg-right70&#8243; css=\u00bb.vc_custom_1541733889119{padding-bottom: 100px !important;}\u00bb][vc_tta_section title=\u00bbSatisfacer a nuestros Clientes\u00bb tab_id=\u00bb1541663324651-dac0965b-bd42&#8243;][vc_column_text css=\u00bb\u00bb]Satisfacer los requisitos de nuestros clientes internos, externos, partes interesadas, legales, reglamentarios aplicables y otros suscritos relacionados con laprestaci\u00f3\u00f3n del servicio.[\/vc_column_text][\/vc_tta_section][vc_tta_section title=\u00bbPromover condiciones de Trabajo\u00bb tab_id=\u00bb1541663906010-6929d03e-de32&#8243;][vc_column_text css=\u00bb\u00bb]Promover condiciones de trabajo seguras y saludables a trav\u00e9\u00e9s de la identificaci\u00f3\u00f3n de peligros, evaluaci\u00f3\u00f3n de riesgos y ejecuci\u00f3\u00f3n de controles enfocados enprevenir:<br \/>\n&#8211; Incidentes y accidentes.<br \/>\n&#8211; Enfermedades ocupacionales.<br \/>\n&#8211; Impactos ambientales negativos en el entorno.<br \/>\n&#8211; Deterioro de recursos naturales y uso responsable de la energ\u00ed\u00eda.[\/vc_column_text][\/vc_tta_section][vc_tta_section title=\u00bbProtecci\u00f3n del medio ambiente\u00bb tab_id=\u00bb1541663903167-cbc44aee-22e4&#8243;][vc_column_text css=\u00bb\u00bb]Proteger el medioambiente mediante acciones de prevenci\u00f3\u00f3n de la contaminaci\u00f3\u00f3n y mitigaci\u00f3\u00f3n de impactos ambientales a trav\u00e9\u00e9s de la identificaci\u00f3\u00f3n de aspec\u2010 tos y evaluaci\u00f3\u00f3n de impactos, derivados de nuestras actividades y\/o procesos.[\/vc_column_text][\/vc_tta_section][vc_tta_section title=\u00bbParticipaci\u00f3n la participacion de nuestro equipo\u00bb tab_id=\u00bb1541663902609-b8a9d026-998e\u00bb][vc_column_text css=\u00bb\u00bb]Promover la consulta y la participaci\u00f3\u00f3n de nuestros trabajadores en la toma de decisiones relacionadas con al Sistema Integrado de Gesti\u00f3\u00f3n.[\/vc_column_text][\/vc_tta_section][vc_tta_section title=\u00bbMejorar continua en el desempe\u00f1o de Gestion.\u00bb tab_id=\u00bb1769998925655-954c0c37-afb5&#8243;][vc_column_text css=\u00bb\u00bb]<\/p>\n<ol>\n<li>Mejorar continuamente el desempe\u00f1o del Sistema Integrado de Gesti\u00f3n (Seguridad, Salud ocupacional, Medio ambiente y Calidad); ampliando con esto la capacidad operativa y aumento en el rendimiento.<\/li>\n<\/ol>\n<p>[\/vc_column_text][\/vc_tta_section][\/vc_tta_accordion][\/vc_column][\/vc_row][vc_row equal_height=\u00bbyes\u00bb content_placement=\u00bbmiddle\u00bb css=\u00bb.vc_custom_1700109377870{padding-top: 90px !important;padding-bottom: 90px !important;background-image: url(http:\/\/wpdemo2.vegatheme.com\/industro\/wp-content\/uploads\/sites\/3\/2018\/11\/bg-dotted.jpg?id=221) !important;background-position: 0 0 !important;background-repeat: repeat !important;}\u00bb][vc_column offset=\u00bbvc_col-md-6&#8243;][vc_custom_heading text=\u00bbSoluciones perfectas para cualquier industria\u00bb font_container=\u00bbtag:h2|text_align:left|color:%23ffffff\u00bb use_theme_fonts=\u00bbyes\u00bb css=\u00bb.vc_custom_1769999849108{margin-bottom: 0px !important;}\u00bb][\/vc_column][vc_column offset=\u00bbvc_col-md-6&#8243;][vc_empty_space height=\u00bb50px\u00bb el_class=\u00bblg-hidden\u00bb][vc_row_inner][vc_column_inner width=\u00bb1\/3&#8243; offset=\u00bbvc_col-xs-4&#8243;]\n    <div class=\"fun-facts \">\n        <div class=\"number-fact\">\n            <span class=\"number\" data-to=\"40\" data-inviewport=\"yes\">0<\/span>\n        <\/div>\n        <div class=\"title-fact\">\n            A\u00f1os            <span class=\"text-primary\">Experiencia<\/span>\n        <\/div>\n    <\/div>\n\n    [\/vc_column_inner][vc_column_inner width=\u00bb1\/3&#8243; offset=\u00bbvc_col-xs-4&#8243;]\n    <div class=\"fun-facts \">\n        <div class=\"number-fact\">\n            <span class=\"number\" data-to=\"300\" data-inviewport=\"yes\">0<\/span>\n        <\/div>\n        <div class=\"title-fact\">\n            Projectos            <span class=\"text-primary\">Completados<\/span>\n        <\/div>\n    <\/div>\n\n    [\/vc_column_inner][vc_column_inner width=\u00bb1\/3&#8243; offset=\u00bbvc_col-xs-4&#8243;]\n    <div class=\"fun-facts \">\n        <div class=\"number-fact\">\n            <span class=\"number\" data-to=\"50\" data-inviewport=\"yes\">0<\/span>\n        <\/div>\n        <div class=\"title-fact\">\n            Trabajadores            <span class=\"text-primary\">Especializados<\/span>\n        <\/div>\n    <\/div>\n\n    [\/vc_column_inner][\/vc_row_inner][\/vc_column][\/vc_row][vc_row css=\u00bb.vc_custom_1542017337701{padding-top: 100px !important;padding-bottom: 80px !important;}\u00bb][vc_column][vc_column_text css=\u00bb.vc_custom_1769999973492{margin-bottom: 90px !important;}\u00bb]<\/p>\n<p class=\"subtitle\">COMO FUNCIONA<\/p>\n<h2>Nuestro Proceso de Trabajo<\/h2>\n<p>[\/vc_column_text]\n    <div class=\"process \">\n                <div class=\"steps active\">\n            <i class=\"p-icon flaticon-result\"><\/i>\n            <div class=\"step-content\">\n                <h5>Reasearch & Analysis<\/h5>\n                <p>We running events with professionalism and expertise, and in identifying strongly with their outcome. This sense of responsibility means we always strive to add value.<\/p>\n            <\/div>\n        <\/div>\n                <div class=\"steps \">\n            <i class=\"p-icon flaticon-jigsaw\"><\/i>\n            <div class=\"step-content\">\n                <h5>Creative Solutions <\/h5>\n                <p>Our approach is distinctly innovative. We constantly seek new ways to increase client visibility and brand value. We also look to get the most out of advances in digitalisation.<\/p>\n            <\/div>\n        <\/div>\n                <div class=\"steps \">\n            <i class=\"p-icon flaticon-gears-1\"><\/i>\n            <div class=\"step-content\">\n                <h5>Building<\/h5>\n                <p>We specially select teams for every project, to ensure each event gets the attention of the people who have the most relevant technical skills, languages and knowledge.<\/p>\n            <\/div>\n        <\/div>\n                <div class=\"steps \">\n            <i class=\"p-icon flaticon-rocket-ship\"><\/i>\n            <div class=\"step-content\">\n                <h5>Project Launch<\/h5>\n                <p>We running events with professionalism and expertise, and in identifying strongly with their outcome. This sense of responsibility means we always strive to add value.<\/p>\n            <\/div>\n        <\/div>\n            <\/div>\n\n    [\/vc_column][\/vc_row][vc_row css=\u00bb.vc_custom_1542017343532{padding-top: 100px !important;padding-bottom: 80px !important;background-color: #f7f7f7 !important;}\u00bb][vc_column][vc_column_text css=\u00bb.vc_custom_1770000100132{margin-bottom: 75px !important;}\u00bb]<\/p>\n<p class=\"subtitle\">EQUIPO DE TRABAJO<\/p>\n<h2>Nuestros Profesionales<\/h2>\n<p>[\/vc_column_text]\n    <div class=\"team-slider \" data-show=\"4\" data-arrow=\"true\">\n                    <div>\n                <div class=\"team-member\">\n                    <img decoding=\"async\" src=\"https:\/\/techservicesperu.com\/faresa2\/wp-content\/uploads\/2018\/11\/member-1.jpg\" alt=\"member\">\n                    <h5>Daphnee Schohen<\/h5>\n                    <p class=\"jobs\">CEO & Founder<\/p>\n                    <ul>\n    <li><a href=\"#\"><i class=\"fa fa-facebook\"><\/i><\/a><\/li>\n    <li><a href=\"#\"><i class=\"fa fa-twitter\"><\/i><\/a><\/li>\n    <li><a href=\"#\"><i class=\"fa fa-linkedin\"><\/i><\/a><\/li>\n<\/ul>                <\/div>\n            <\/div>\n                    <div>\n                <div class=\"team-member\">\n                    <img decoding=\"async\" src=\"https:\/\/techservicesperu.com\/faresa2\/wp-content\/uploads\/2018\/11\/member-2.jpg\" alt=\"member\">\n                    <h5>Cristopher Gusikowski<\/h5>\n                    <p class=\"jobs\">HR Manager<\/p>\n                    <ul>\n    <li><a href=\"#\"><i class=\"fa fa-facebook\"><\/i><\/a><\/li>\n    <li><a href=\"#\"><i class=\"fa fa-twitter\"><\/i><\/a><\/li>\n    <li><a href=\"#\"><i class=\"fa fa-linkedin\"><\/i><\/a><\/li>\n<\/ul>                <\/div>\n            <\/div>\n                    <div>\n                <div class=\"team-member\">\n                    <img decoding=\"async\" src=\"https:\/\/techservicesperu.com\/faresa2\/wp-content\/uploads\/2018\/11\/member-3.jpg\" alt=\"member\">\n                    <h5>Gage Ullrich<\/h5>\n                    <p class=\"jobs\">Mechanical Engineer<\/p>\n                    <ul>\n    <li><a href=\"#\"><i class=\"fa fa-facebook\"><\/i><\/a><\/li>\n    <li><a href=\"#\"><i class=\"fa fa-twitter\"><\/i><\/a><\/li>\n    <li><a href=\"#\"><i class=\"fa fa-linkedin\"><\/i><\/a><\/li>\n<\/ul>                <\/div>\n            <\/div>\n                    <div>\n                <div class=\"team-member\">\n                    <img decoding=\"async\" src=\"https:\/\/techservicesperu.com\/faresa2\/wp-content\/uploads\/2018\/11\/member-4.jpg\" alt=\"member\">\n                    <h5>Gerard Parisian<\/h5>\n                    <p class=\"jobs\">Petroleum Engineer<\/p>\n                    <ul>\n    <li><a href=\"#\"><i class=\"fa fa-facebook\"><\/i><\/a><\/li>\n    <li><a href=\"#\"><i class=\"fa fa-twitter\"><\/i><\/a><\/li>\n    <li><a href=\"#\"><i class=\"fa fa-linkedin\"><\/i><\/a><\/li>\n<\/ul>                <\/div>\n            <\/div>\n                    <div>\n                <div class=\"team-member\">\n                    <img decoding=\"async\" src=\"https:\/\/techservicesperu.com\/faresa2\/wp-content\/uploads\/2018\/11\/member-1.jpg\" alt=\"member\">\n                    <h5>Daphnee Schohen<\/h5>\n                    <p class=\"jobs\">CEO & Founder<\/p>\n                    <ul>\n    <li><a href=\"#\"><i class=\"fa fa-facebook\"><\/i><\/a><\/li>\n    <li><a href=\"#\"><i class=\"fa fa-twitter\"><\/i><\/a><\/li>\n    <li><a href=\"#\"><i class=\"fa fa-linkedin\"><\/i><\/a><\/li>\n<\/ul>                <\/div>\n            <\/div>\n                    <div>\n                <div class=\"team-member\">\n                    <img decoding=\"async\" src=\"https:\/\/techservicesperu.com\/faresa2\/wp-content\/uploads\/2018\/11\/member-2.jpg\" alt=\"member\">\n                    <h5>Cristopher Gusikowski<\/h5>\n                    <p class=\"jobs\">HR Manager<\/p>\n                    <ul>\n    <li><a href=\"#\"><i class=\"fa fa-facebook\"><\/i><\/a><\/li>\n    <li><a href=\"#\"><i class=\"fa fa-twitter\"><\/i><\/a><\/li>\n    <li><a href=\"#\"><i class=\"fa fa-linkedin\"><\/i><\/a><\/li>\n<\/ul>                <\/div>\n            <\/div>\n                    <div>\n                <div class=\"team-member\">\n                    <img decoding=\"async\" src=\"https:\/\/techservicesperu.com\/faresa2\/wp-content\/uploads\/2018\/11\/member-3.jpg\" alt=\"member\">\n                    <h5>Gage Ullrich<\/h5>\n                    <p class=\"jobs\">Mechanical Engineer<\/p>\n                    <ul>\n    <li><a href=\"#\"><i class=\"fa fa-facebook\"><\/i><\/a><\/li>\n    <li><a href=\"#\"><i class=\"fa fa-twitter\"><\/i><\/a><\/li>\n    <li><a href=\"#\"><i class=\"fa fa-linkedin\"><\/i><\/a><\/li>\n<\/ul>                <\/div>\n            <\/div>\n                    <div>\n                <div class=\"team-member\">\n                    <img decoding=\"async\" src=\"https:\/\/techservicesperu.com\/faresa2\/wp-content\/uploads\/2018\/11\/member-4.jpg\" alt=\"member\">\n                    <h5>Gerard Parisian<\/h5>\n                    <p class=\"jobs\">Petroleum Engineer<\/p>\n                    <ul>\n    <li><a href=\"#\"><i class=\"fa fa-facebook\"><\/i><\/a><\/li>\n    <li><a href=\"#\"><i class=\"fa fa-twitter\"><\/i><\/a><\/li>\n    <li><a href=\"#\"><i class=\"fa fa-linkedin\"><\/i><\/a><\/li>\n<\/ul>                <\/div>\n            <\/div>\n            <\/div>\n\n    [\/vc_column][\/vc_row][vc_row css=\u00bb.vc_custom_1542016748497{padding-top: 100px !important;padding-bottom: 100px !important;}\u00bb][vc_column][vc_column_text css=\u00bb.vc_custom_1769999599244{margin-bottom: 75px !important;}\u00bb]<\/p>\n<p class=\"subtitle\">NUESTROS<\/p>\n<h2>CLIENTES<\/h2>\n<p>[\/vc_column_text]\n            <div class=\"partner-grid logo-grid col-6\">\n            <div class=\"grid-row\">\n                                    <div class=\"partner-item  one-row\">\n                                                    <img decoding=\"async\" src=\"https:\/\/techservicesperu.com\/faresa2\/wp-content\/uploads\/2025\/10\/CERVECERIA-NACIONAL.png\" alt=\"\">\n                                            <\/div>\n                                    <div class=\"partner-item \">\n                                                    <img decoding=\"async\" src=\"https:\/\/techservicesperu.com\/faresa2\/wp-content\/uploads\/2025\/10\/GRUPO_MODELO_TROPICO.png\" alt=\"\">\n                                            <\/div>\n                                    <div class=\"partner-item \">\n                                                    <img decoding=\"async\" src=\"https:\/\/techservicesperu.com\/faresa2\/wp-content\/uploads\/2025\/10\/BAVARIA-LOGO.png\" alt=\"\">\n                                            <\/div>\n                                    <div class=\"partner-item \">\n                                                    <img decoding=\"async\" src=\"https:\/\/techservicesperu.com\/faresa2\/wp-content\/uploads\/2025\/10\/CerveceriaUnion-logo.png\" alt=\"\">\n                                            <\/div>\n                                    <div class=\"partner-item \">\n                                                    <img decoding=\"async\" src=\"https:\/\/techservicesperu.com\/faresa2\/wp-content\/uploads\/2025\/10\/Gloria-1.png\" alt=\"\">\n                                            <\/div>\n                                    <div class=\"partner-item \">\n                                                    <img decoding=\"async\" src=\"https:\/\/techservicesperu.com\/faresa2\/wp-content\/uploads\/2025\/10\/heineken-1.png\" alt=\"\">\n                                            <\/div>\n                                    <div class=\"partner-item last one-row\">\n                                                    <img decoding=\"async\" src=\"https:\/\/techservicesperu.com\/faresa2\/wp-content\/uploads\/2025\/09\/gloria.png\" alt=\"\">\n                                            <\/div>\n                                    <div class=\"partner-item last\">\n                                                    <img decoding=\"async\" src=\"https:\/\/techservicesperu.com\/faresa2\/wp-content\/uploads\/2025\/09\/alicorp.png\" alt=\"\">\n                                            <\/div>\n                                    <div class=\"partner-item last\">\n                                                    <img decoding=\"async\" src=\"https:\/\/techservicesperu.com\/faresa2\/wp-content\/uploads\/2025\/09\/cerveceria-union.png\" alt=\"\">\n                                            <\/div>\n                                    <div class=\"partner-item last\">\n                                                    <img decoding=\"async\" src=\"https:\/\/techservicesperu.com\/faresa2\/wp-content\/uploads\/2025\/10\/CPMAQ-1.png\" alt=\"\">\n                                            <\/div>\n                                    <div class=\"partner-item last\">\n                                                    <img decoding=\"async\" src=\"https:\/\/techservicesperu.com\/faresa2\/wp-content\/uploads\/2025\/09\/AQC-CERTIFIED-ISO-9001.png\" alt=\"\">\n                                            <\/div>\n                            <\/div>\n        <\/div>\n    \n    [\/vc_column][\/vc_row]<\/p>\n<\/div>","protected":false},"excerpt":{"rendered":"<p>[vc_row css=\u00bb.vc_custom_1541576403059{padding-top: 100px !important;padding-bottom: 100px !important;}\u00bb][vc_column offset=\u00bbvc_col-md-6&#8243;][vc_custom_heading text=\u00bbEstamos estrechamente vinculados con nuestras clientes.\u00bb font_container=\u00bbtag:p|font_size:60px|text_align:left|color:%230a0f2b|line_height:68px\u00bb google_fonts=\u00bbfont_family:Roboto%3A100%2C100italic%2C300%2C300italic%2Cregular%2Citalic%2C500%2C500italic%2C700%2C700italic%2C900%2C900italic|font_style:300%20light%20regular%3A300%3Anormal\u00bb css=\u00bb.vc_custom_1761856923120{margin-bottom: 50px !important;}\u00bb][\/vc_column][vc_column offset=\u00bbvc_col-md-6&#8243;][vc_row_inner][vc_column_inner width=\u00bb1\/2&#8243;][vc_empty_space height=\u00bb50px\u00bb][vc_empty_space height=\u00bb50px\u00bb el_class=\u00bblg-hidden md-hidden\u00bb][\/vc_column_inner][vc_column_inner width=\u00bb1\/2&#8243;][vc_empty_space height=\u00bb50px\u00bb][\/vc_column_inner][\/vc_row_inner][\/vc_column][\/vc_row][vc_row css=\u00bb.vc_custom_1541754689598{padding-top: 65px !important;background-color: #f7f7f7 !important;}\u00bb][vc_column offset=\u00bbvc_col-md-6&#8243;][vc_single_image image=\u00bb201&#8243; img_size=\u00bbfull\u00bb alignment=\u00bbcenter\u00bb css=\u00bb.vc_custom_1541733874834{margin-bottom: 0px !important;}\u00bb el_class=\u00bblg-left-100&#8243;][\/vc_column][vc_column offset=\u00bbvc_col-md-6&#8243;][vc_custom_heading text=\u00bbPOL\u00cdTICA DE CALIDAD\u00bb use_theme_fonts=\u00bbyes\u00bb css=\u00bb.vc_custom_1769999217373{margin-top: 25px !important;margin-bottom: 20px !important;}\u00bb el_class=\u00bblg-right70&#8243;][vc_column_text css=\u00bb\u00bb] En FABRICACI\u00d3N DE REPUESTOS [&hellip;]<\/p>\n","protected":false},"author":1,"featured_media":0,"parent":0,"menu_order":0,"comment_status":"closed","ping_status":"closed","template":"","meta":{"_joinchat":[],"footnotes":""},"class_list":["post-173","page","type-page","status-publish","hentry"],"_links":{"self":[{"href":"https:\/\/techservicesperu.com\/faresa2\/wp-json\/wp\/v2\/pages\/173","targetHints":{"allow":["GET"]}}],"collection":[{"href":"https:\/\/techservicesperu.com\/faresa2\/wp-json\/wp\/v2\/pages"}],"about":[{"href":"https:\/\/techservicesperu.com\/faresa2\/wp-json\/wp\/v2\/types\/page"}],"author":[{"embeddable":true,"href":"https:\/\/techservicesperu.com\/faresa2\/wp-json\/wp\/v2\/users\/1"}],"replies":[{"embeddable":true,"href":"https:\/\/techservicesperu.com\/faresa2\/wp-json\/wp\/v2\/comments?post=173"}],"version-history":[{"count":40,"href":"https:\/\/techservicesperu.com\/faresa2\/wp-json\/wp\/v2\/pages\/173\/revisions"}],"predecessor-version":[{"id":1158,"href":"https:\/\/techservicesperu.com\/faresa2\/wp-json\/wp\/v2\/pages\/173\/revisions\/1158"}],"wp:attachment":[{"href":"https:\/\/techservicesperu.com\/faresa2\/wp-json\/wp\/v2\/media?parent=173"}],"curies":[{"name":"wp","href":"https:\/\/api.w.org\/{rel}","templated":true}]}}