{"id":458,"date":"2018-11-19T10:10:34","date_gmt":"2018-11-19T10:10:34","guid":{"rendered":"http:\/\/localhost\/industro\/?page_id=458"},"modified":"2026-02-01T22:30:01","modified_gmt":"2026-02-02T03:30:01","slug":"material-engineering","status":"publish","type":"page","link":"https:\/\/techservicesperu.com\/faresa2\/our-services\/material-engineering\/","title":{"rendered":"Montaje y Mantenimiento"},"content":{"rendered":"<div class=\"wpb-content-wrapper\"><p>[vc_row css=\u00bb.vc_custom_1542188489306{padding-top: 70px !important;padding-bottom: 100px !important;}\u00bb][vc_column offset=\u00bbvc_col-md-4&#8243; el_class=\u00bblg-right40&#8243; css=\u00bb.vc_custom_1770002992393{padding-bottom: 10px !important;}\u00bb][vc_wp_custommenu nav_menu=\u00bb37&#8243;][vc_column_text css=\u00bb.vc_custom_1542621369220{padding-top: 25px !important;padding-right: 28px !important;padding-bottom: 28px !important;padding-left: 28px !important;background-color: #f7f7f7 !important;}\u00bb el_class=\u00bbdownload-box\u00bb]<\/p>\n<h4>Brochures<\/h4>\n<p>Our approach is distinctly innovative. We constantly seek new ways to increase client<\/p>\n<p><a class=\"btn btn-download\"><i class=\"fas fa-download\"><\/i> Download PDF<\/a>[\/vc_column_text][\/vc_column][vc_column offset=\u00bbvc_col-md-8&#8243;]\n    <div class=\"service-box \">\n                <div class=\"content-box\">\n            <h5>MONTAJE Y MANTENIMIENTO<\/h5>\n            <p>Somos una empresa que utiliza los mejores est\u00e1ndares de la industria para atender los requerimientos de Mantenimiento (preventivo y correctivo) y Overhauling de m\u00e1quinas, equipos y l\u00edneas completas. Contamos con gran variedad de equipos para fabricar y reparar partes y piezas para procesos industriales de embotellado y envasado.<\/p>\n<p>Cuidamos cada detalle de nuestros servicios garantizando la calidad y satisfacci\u00f3n de nuestros clientes.<\/p>\n<ul>\n<li>Overhauling de M\u00e1quinas y equipos<\/li>\n<li>Mantenimiento Preventivo y correctivo de equipos y l\u00edneas completas<\/li>\n<li>L\u00edneas de envasados repotenciadas<\/li>\n<\/ul>\n<p><\/p>\n                    <\/div>\n    <\/div>\n\n    [vc_images_carousel images=\u00bb1018,1019,1020,1021,1022,1023&#8243; img_size=\u00bbfull\u00bb autoplay=\u00bbyes\u00bb wrap=\u00bbyes\u00bb css=\u00bb\u00bb][\/vc_column][\/vc_row]<\/p>\n<\/div>","protected":false},"excerpt":{"rendered":"<p>[vc_row css=\u00bb.vc_custom_1542188489306{padding-top: 70px !important;padding-bottom: 100px !important;}\u00bb][vc_column offset=\u00bbvc_col-md-4&#8243; el_class=\u00bblg-right40&#8243; css=\u00bb.vc_custom_1770002992393{padding-bottom: 10px !important;}\u00bb][vc_wp_custommenu nav_menu=\u00bb37&#8243;][vc_column_text css=\u00bb.vc_custom_1542621369220{padding-top: 25px !important;padding-right: 28px !important;padding-bottom: 28px !important;padding-left: 28px !important;background-color: #f7f7f7 !important;}\u00bb el_class=\u00bbdownload-box\u00bb] Brochures Our approach is distinctly innovative. We constantly seek new ways to increase client Download PDF[\/vc_column_text][\/vc_column][vc_column offset=\u00bbvc_col-md-8&#8243;][vc_images_carousel images=\u00bb1018,1019,1020,1021,1022,1023&#8243; img_size=\u00bbfull\u00bb autoplay=\u00bbyes\u00bb wrap=\u00bbyes\u00bb css=\u00bb\u00bb][\/vc_column][\/vc_row]<\/p>\n","protected":false},"author":1,"featured_media":0,"parent":343,"menu_order":0,"comment_status":"closed","ping_status":"closed","template":"","meta":{"_joinchat":[],"footnotes":""},"class_list":["post-458","page","type-page","status-publish","hentry"],"_links":{"self":[{"href":"https:\/\/techservicesperu.com\/faresa2\/wp-json\/wp\/v2\/pages\/458","targetHints":{"allow":["GET"]}}],"collection":[{"href":"https:\/\/techservicesperu.com\/faresa2\/wp-json\/wp\/v2\/pages"}],"about":[{"href":"https:\/\/techservicesperu.com\/faresa2\/wp-json\/wp\/v2\/types\/page"}],"author":[{"embeddable":true,"href":"https:\/\/techservicesperu.com\/faresa2\/wp-json\/wp\/v2\/users\/1"}],"replies":[{"embeddable":true,"href":"https:\/\/techservicesperu.com\/faresa2\/wp-json\/wp\/v2\/comments?post=458"}],"version-history":[{"count":8,"href":"https:\/\/techservicesperu.com\/faresa2\/wp-json\/wp\/v2\/pages\/458\/revisions"}],"predecessor-version":[{"id":1167,"href":"https:\/\/techservicesperu.com\/faresa2\/wp-json\/wp\/v2\/pages\/458\/revisions\/1167"}],"up":[{"embeddable":true,"href":"https:\/\/techservicesperu.com\/faresa2\/wp-json\/wp\/v2\/pages\/343"}],"wp:attachment":[{"href":"https:\/\/techservicesperu.com\/faresa2\/wp-json\/wp\/v2\/media?parent=458"}],"curies":[{"name":"wp","href":"https:\/\/api.w.org\/{rel}","templated":true}]}}