{"id":466,"date":"2018-11-19T10:12:47","date_gmt":"2018-11-19T10:12:47","guid":{"rendered":"http:\/\/localhost\/industro\/?page_id=466"},"modified":"2026-02-01T22:05:16","modified_gmt":"2026-02-02T03:05:16","slug":"industry-contruction","status":"publish","type":"page","link":"https:\/\/techservicesperu.com\/faresa2\/our-services\/industry-contruction\/","title":{"rendered":"Fabricacion de Repuestos"},"content":{"rendered":"<div class=\"wpb-content-wrapper\"><p>[vc_row css=\u00bb.vc_custom_1542188489306{padding-top: 70px !important;padding-bottom: 100px !important;}\u00bb][vc_column offset=\u00bbvc_col-md-4&#8243; el_class=\u00bblg-right40&#8243; css=\u00bb.vc_custom_1770001458324{padding-top: 10px !important;}\u00bb][vc_wp_custommenu nav_menu=\u00bb37&#8243;][vc_column_text css=\u00bb.vc_custom_1542621369220{padding-top: 25px !important;padding-right: 28px !important;padding-bottom: 28px !important;padding-left: 28px !important;background-color: #f7f7f7 !important;}\u00bb el_class=\u00bbdownload-box\u00bb]<\/p>\n<h4>Brochures<\/h4>\n<p>Our approach is distinctly innovative. We constantly seek new ways to increase client<\/p>\n<p><a class=\"btn btn-download\"><i class=\"fas fa-download\"><\/i> Download PDF<\/a>[\/vc_column_text][\/vc_column][vc_column offset=\u00bbvc_col-md-8&#8243;]\n    <div class=\"service-box \">\n                <div class=\"content-box\">\n            <h5>FABRICACION DE REPUESTOS<\/h5>\n            <p>Ofrecemos una amplia gama de soluciones y utilizamos los mejores materiales disponibles acorde con la necesidad. Nos encargamos desde el dise\u00f1o en planos de piezas complejas, hasta la fabricaci\u00f3n de repuestos y reparaci\u00f3n de piezas industriales, especialmente para las plantas de Alimentos y Bebidas m\u00e1s importantes del pa\u00eds.<\/p>\n<p>Cuidamos cada detalle de nuestros repuestos garantizando la calidad y satisfacci\u00f3n de nuestros clientes.<\/p>\n<ul>\n<li>Fabricaci\u00f3n Local de repuestos.<\/li>\n<li>Fabricaci\u00f3n de Transportadores<\/li>\n<li>Fabricaci\u00f3n de Piezas especiales.<\/li>\n<\/ul>\n<p><\/p>\n                    <\/div>\n    <\/div>\n\n    [vc_images_carousel images=\u00bb957,958,959,960,961,962,963,964&#8243; img_size=\u00bbfull\u00bb autoplay=\u00bbyes\u00bb wrap=\u00bbyes\u00bb css=\u00bb\u00bb][\/vc_column][\/vc_row]<\/p>\n<\/div>","protected":false},"excerpt":{"rendered":"<p>[vc_row css=\u00bb.vc_custom_1542188489306{padding-top: 70px !important;padding-bottom: 100px !important;}\u00bb][vc_column offset=\u00bbvc_col-md-4&#8243; el_class=\u00bblg-right40&#8243; css=\u00bb.vc_custom_1770001458324{padding-top: 10px !important;}\u00bb][vc_wp_custommenu nav_menu=\u00bb37&#8243;][vc_column_text css=\u00bb.vc_custom_1542621369220{padding-top: 25px !important;padding-right: 28px !important;padding-bottom: 28px !important;padding-left: 28px !important;background-color: #f7f7f7 !important;}\u00bb el_class=\u00bbdownload-box\u00bb] Brochures Our approach is distinctly innovative. We constantly seek new ways to increase client Download PDF[\/vc_column_text][\/vc_column][vc_column offset=\u00bbvc_col-md-8&#8243;][vc_images_carousel images=\u00bb957,958,959,960,961,962,963,964&#8243; img_size=\u00bbfull\u00bb autoplay=\u00bbyes\u00bb wrap=\u00bbyes\u00bb css=\u00bb\u00bb][\/vc_column][\/vc_row]<\/p>\n","protected":false},"author":1,"featured_media":0,"parent":343,"menu_order":0,"comment_status":"closed","ping_status":"closed","template":"","meta":{"_joinchat":[],"footnotes":""},"class_list":["post-466","page","type-page","status-publish","hentry"],"_links":{"self":[{"href":"https:\/\/techservicesperu.com\/faresa2\/wp-json\/wp\/v2\/pages\/466","targetHints":{"allow":["GET"]}}],"collection":[{"href":"https:\/\/techservicesperu.com\/faresa2\/wp-json\/wp\/v2\/pages"}],"about":[{"href":"https:\/\/techservicesperu.com\/faresa2\/wp-json\/wp\/v2\/types\/page"}],"author":[{"embeddable":true,"href":"https:\/\/techservicesperu.com\/faresa2\/wp-json\/wp\/v2\/users\/1"}],"replies":[{"embeddable":true,"href":"https:\/\/techservicesperu.com\/faresa2\/wp-json\/wp\/v2\/comments?post=466"}],"version-history":[{"count":13,"href":"https:\/\/techservicesperu.com\/faresa2\/wp-json\/wp\/v2\/pages\/466\/revisions"}],"predecessor-version":[{"id":1165,"href":"https:\/\/techservicesperu.com\/faresa2\/wp-json\/wp\/v2\/pages\/466\/revisions\/1165"}],"up":[{"embeddable":true,"href":"https:\/\/techservicesperu.com\/faresa2\/wp-json\/wp\/v2\/pages\/343"}],"wp:attachment":[{"href":"https:\/\/techservicesperu.com\/faresa2\/wp-json\/wp\/v2\/media?parent=466"}],"curies":[{"name":"wp","href":"https:\/\/api.w.org\/{rel}","templated":true}]}}