{"id":620,"date":"2018-11-23T08:24:33","date_gmt":"2018-11-23T08:24:33","guid":{"rendered":"http:\/\/localhost\/industro\/?page_id=620"},"modified":"2026-02-02T09:20:12","modified_gmt":"2026-02-02T14:20:12","slug":"home-2","status":"publish","type":"page","link":"https:\/\/techservicesperu.com\/faresa2\/home-2\/","title":{"rendered":"Home 2"},"content":{"rendered":"<div class=\"wpb-content-wrapper\"><p>[vc_row full_width=\u00bbstretch_row_content_no_spaces\u00bb fullwidth=\u00bbtrue\u00bb][vc_column][rev_slider_vc alias=\u00bbhome-2&#8243;][\/vc_column][\/vc_row][vc_row css=\u00bb.vc_custom_1700109154488{padding-bottom: 100px !important;background-image: url(http:\/\/wpdemo2.vegatheme.com\/industro\/wp-content\/uploads\/sites\/3\/2018\/11\/bg-map.png?id=629) !important;}\u00bb][vc_column][vc_empty_space height=\u00bb100px\u00bb css=\u00bb.vc_custom_1542963136329{border-top-width: 1px !important;border-top-color: #dadbdf !important;border-top-style: solid !important;}\u00bb][\/vc_column][vc_column offset=\u00bbvc_col-lg-5 vc_col-md-6&#8243;][vc_column_text css=\u00bb.vc_custom_1758943317553{margin-bottom: 27px !important;}\u00bb]<\/p>\n<p class=\"subtitle\"><strong>FABRICACION DE REPUESTOS S.A.<\/strong><\/p>\n<h2>MAS DE 40 A\u00d1OS CONTRIBUYENDO CON EL DESARROLLO DEL PAIS.<\/h2>\n<p>[\/vc_column_text][vc_column_text css=\u00bb.vc_custom_1758943754724{margin-bottom: 60px !important;}\u00bb]Empresa l\u00edder en la fabricaci\u00f3n de repuestos y en proyectos de automatizaci\u00f3n y mantenimiento de equipos industriales, brindando soluciones de calidad a las empresas m\u00e1s importantes del pa\u00eds.[\/vc_column_text]\n    <div class=\"icon-box  style-2\">\n                <img decoding=\"async\" src=\"https:\/\/techservicesperu.com\/faresa2\/wp-content\/uploads\/2018\/11\/team.png\" alt=\"icon\">        <div class=\"content-box\">\n            <h5>Equipo comprometido<\/h5>\n            <p>Comprometidos en ayudar a sus clientes a alcanzar sus objetivos, a personalizar sus experiencias.<\/p>\n                    <\/div>\n    <\/div>\n\n    [vc_empty_space height=\u00bb25px\u00bb]\n    <div class=\"icon-box  style-2\">\n                <img decoding=\"async\" src=\"https:\/\/techservicesperu.com\/faresa2\/wp-content\/uploads\/2018\/11\/handshake.png\" alt=\"icon\">        <div class=\"content-box\">\n            <h5>Verdaderos Socios<\/h5>\n            <p>Nuestra fuerte identificaci\u00f3n con los proyectos de nuestros clientes nos impulsa a seguir esforz\u00e1ndonos.<\/p>\n                    <\/div>\n    <\/div>\n\n    [vc_empty_space height=\u00bb25px\u00bb]\n    <div class=\"icon-box  style-2\">\n                <img decoding=\"async\" src=\"https:\/\/techservicesperu.com\/faresa2\/wp-content\/uploads\/2018\/11\/idea.png\" alt=\"icon\">        <div class=\"content-box\">\n            <h5>Enfoque e Innovaci\u00f3n<\/h5>\n            <p>Este sentido la identificaci\u00f3n tambi\u00e9n significa que valoramos y promovemos una interacci\u00f3n fluida.<\/p>\n                    <\/div>\n    <\/div>\n\n    [vc_empty_space height=\u00bb30px\u00bb el_class=\u00bblg-hidden\u00bb][\/vc_column][vc_column offset=\u00bbvc_col-lg-offset-1 vc_col-lg-6 vc_col-md-offset-0 vc_col-md-6&#8243;][vc_single_image image=\u00bb630&#8243; img_size=\u00bbfull\u00bb alignment=\u00bbcenter\u00bb style=\u00bbvc_box_rounded\u00bb css=\u00bb.vc_custom_1542963226981{margin-bottom: 0px !important;}\u00bb][\/vc_column][\/vc_row][vc_row css=\u00bb.vc_custom_1542964709535{padding-bottom: 100px !important;}\u00bb][vc_column][vc_column_text css=\u00bb.vc_custom_1758944355462{margin-bottom: 70px !important;}\u00bb]<\/p>\n<p class=\"subtitle\">NOS ESPECIALIZAMOS EN<\/p>\n<h2>SOLUCIONES PARA CADA INDUSTRIA<\/h2>\n<p>[\/vc_column_text][\/vc_column][vc_column width=\u00bb1\/2&#8243; offset=\u00bbvc_col-md-3&#8243;]\n    <div class=\"service-box \">\n        <img decoding=\"async\" src=\"https:\/\/techservicesperu.com\/faresa2\/wp-content\/uploads\/2025\/09\/fabricacion-repuestos-1.jpg\" alt=\"service\">        <div class=\"content-box\">\n            <h5>FABRICACION DE REPUESTOS<\/h5>\n            <p><\/p>\n            <a class=\"link-box\" href=\"https:\/\/techservicesperu.com\/faresa2\/our-services\/industry-contruction\/\" target=\"_self\">Mas detalles...<\/a>        <\/div>\n    <\/div>\n\n    [vc_empty_space height=\u00bb40px\u00bb el_class=\u00bblg-hidden\u00bb][\/vc_column][vc_column width=\u00bb1\/2&#8243; offset=\u00bbvc_col-md-3&#8243;]\n    <div class=\"service-box \">\n        <img decoding=\"async\" src=\"https:\/\/techservicesperu.com\/faresa2\/wp-content\/uploads\/2025\/09\/portada2_2.jpg\" alt=\"service\">        <div class=\"content-box\">\n            <h5>MONTAJE Y MANTENIMIENTO<\/h5>\n            <p><\/p>\n            <a class=\"link-box\" href=\"https:\/\/techservicesperu.com\/faresa2\/our-services\/material-engineering\/\" target=\"_self\">Mas detalles...<\/a>        <\/div>\n    <\/div>\n\n    [vc_empty_space height=\u00bb40px\u00bb el_class=\u00bblg-hidden\u00bb][\/vc_column][vc_column width=\u00bb1\/2&#8243; offset=\u00bbvc_col-md-3&#8243;]\n    <div class=\"service-box \">\n        <img decoding=\"async\" src=\"https:\/\/techservicesperu.com\/faresa2\/wp-content\/uploads\/2025\/09\/equipamiento_accesorios-1.jpg\" alt=\"service\">        <div class=\"content-box\">\n            <h5>EQUIPAMIENTO Y ACCESORIOS<\/h5>\n            <p><\/p>\n            <a class=\"link-box\" href=\"https:\/\/techservicesperu.com\/faresa2\/our-services\/petroleum-industry\/\" target=\"_self\">Mas detalles...<\/a>        <\/div>\n    <\/div>\n\n    [vc_empty_space height=\u00bb40px\u00bb el_class=\u00bblg-hidden md-hidden\u00bb][\/vc_column][vc_column width=\u00bb1\/2&#8243; offset=\u00bbvc_col-md-3&#8243;]\n    <div class=\"service-box \">\n        <img decoding=\"async\" src=\"https:\/\/techservicesperu.com\/faresa2\/wp-content\/uploads\/2025\/09\/mm_imagen_2-1.jpg\" alt=\"service\">        <div class=\"content-box\">\n            <h5>TRANSPORTADORES CADENAS Y ACCESORIOS<\/h5>\n            <p><\/p>\n            <a class=\"link-box\" href=\"https:\/\/techservicesperu.com\/faresa2\/our-services\/mechanical-engineering\/\" target=\"_self\">Mas detalles...<\/a>        <\/div>\n    <\/div>\n\n    [\/vc_column][\/vc_row][vc_row css=\u00bb.vc_custom_1542964896462{padding-top: 100px !important;padding-bottom: 80px !important;background-color: #f7f7f7 !important;}\u00bb][vc_column][vc_column_text css=\u00bb.vc_custom_1758945490725{margin-bottom: 90px !important;}\u00bb]<\/p>\n<p class=\"subtitle\">COMO FUNCIONA<\/p>\n<h2>Nuestro Proceso de Trabajo<\/h2>\n<p>[\/vc_column_text]\n    <div class=\"process \">\n                <div class=\"steps active\">\n            <i class=\"p-icon flaticon-result\"><\/i>\n            <div class=\"step-content\">\n                <h5>Reasearch & Analysis<\/h5>\n                <p>We running events with professionalism and expertise, and in identifying strongly with their outcome. This sense of responsibility means we always strive to add value.<\/p>\n            <\/div>\n        <\/div>\n                <div class=\"steps \">\n            <i class=\"p-icon flaticon-jigsaw\"><\/i>\n            <div class=\"step-content\">\n                <h5>Creative Solutions <\/h5>\n                <p>Our approach is distinctly innovative. We constantly seek new ways to increase client visibility and brand value. We also look to get the most out of advances in digitalisation.<\/p>\n            <\/div>\n        <\/div>\n                <div class=\"steps \">\n            <i class=\"p-icon flaticon-gears-1\"><\/i>\n            <div class=\"step-content\">\n                <h5>Building<\/h5>\n                <p>We specially select teams for every project, to ensure each event gets the attention of the people who have the most relevant technical skills, languages and knowledge.<\/p>\n            <\/div>\n        <\/div>\n                <div class=\"steps \">\n            <i class=\"p-icon flaticon-rocket-ship\"><\/i>\n            <div class=\"step-content\">\n                <h5>Project Launch<\/h5>\n                <p>We running events with professionalism and expertise, and in identifying strongly with their outcome. This sense of responsibility means we always strive to add value.<\/p>\n            <\/div>\n        <\/div>\n            <\/div>\n\n    [\/vc_column][\/vc_row][vc_row css=\u00bb.vc_custom_1543221080791{padding-top: 100px !important;}\u00bb][vc_column][vc_column_text css=\u00bb.vc_custom_1758945544621{margin-bottom: 50px !important;}\u00bb]<\/p>\n<p class=\"subtitle\">NUESTRAS OBRAS<\/p>\n<h2>Nuestros Proyectos<\/h2>\n<p>[\/vc_column_text]\n    <div class=\"project-filter \" data-column=\"3\">\n                <div id=\"projects\" class=\"project-grid projects row style-2\">\n                            <div class=\"project-item petroleum col-md-8 col-sm-6 big-thumb\">\n                    <div class=\"inner\">\n                        <a href=\"https:\/\/techservicesperu.com\/faresa2\/portfolio\/college-of-the-holy-cross\/\">\n                            <img decoding=\"async\" src=\"https:\/\/techservicesperu.com\/faresa2\/wp-content\/uploads\/2018\/11\/4.jpg\" alt=\"\" \/>\n                        <\/a>\n                        <div class=\"p-info\">\n                            <h4>\n                                <a href=\"https:\/\/techservicesperu.com\/faresa2\/portfolio\/college-of-the-holy-cross\/\">College of the Holy Cross<\/a>\n                            <\/h4>\n                            <p>Petroleum \/ 2016 \/ Roma<\/p>\n                            <a class=\"link-details\" href=\"https:\/\/techservicesperu.com\/faresa2\/portfolio\/college-of-the-holy-cross\/\"><\/a>\n                        <\/div>\n                    <\/div>\n                <\/div>\n                            <div class=\"project-item energy col-md-4 col-sm-6 small-thumb\">\n                    <div class=\"inner\">\n                        <a href=\"https:\/\/techservicesperu.com\/faresa2\/portfolio\/gothia-mining-factory\/\">\n                            <img decoding=\"async\" src=\"https:\/\/techservicesperu.com\/faresa2\/wp-content\/uploads\/2018\/11\/project-2.jpg\" alt=\"\" \/>\n                        <\/a>\n                        <div class=\"p-info\">\n                            <h4>\n                                <a href=\"https:\/\/techservicesperu.com\/faresa2\/portfolio\/gothia-mining-factory\/\">Gothia Mining Factory<\/a>\n                            <\/h4>\n                            <p>Energy \/ 2016 \/ New York<\/p>\n                            <a class=\"link-details\" href=\"https:\/\/techservicesperu.com\/faresa2\/portfolio\/gothia-mining-factory\/\"><\/a>\n                        <\/div>\n                    <\/div>\n                <\/div>\n                            <div class=\"project-item contruction col-md-4 col-sm-6 small-thumb\">\n                    <div class=\"inner\">\n                        <a href=\"https:\/\/techservicesperu.com\/faresa2\/portfolio\/benchmark-technologies\/\">\n                            <img decoding=\"async\" src=\"https:\/\/techservicesperu.com\/faresa2\/wp-content\/uploads\/2018\/11\/project-3.jpg\" alt=\"\" \/>\n                        <\/a>\n                        <div class=\"p-info\">\n                            <h4>\n                                <a href=\"https:\/\/techservicesperu.com\/faresa2\/portfolio\/benchmark-technologies\/\">Benchmark Technologies<\/a>\n                            <\/h4>\n                            <p>Contruction \/ 2017 \/ Brasilia<\/p>\n                            <a class=\"link-details\" href=\"https:\/\/techservicesperu.com\/faresa2\/portfolio\/benchmark-technologies\/\"><\/a>\n                        <\/div>\n                    <\/div>\n                <\/div>\n                            <div class=\"project-item engineering col-md-4 col-sm-6 small-thumb\">\n                    <div class=\"inner\">\n                        <a href=\"https:\/\/techservicesperu.com\/faresa2\/portfolio\/deploy-b2c-mindshare\/\">\n                            <img decoding=\"async\" src=\"https:\/\/techservicesperu.com\/faresa2\/wp-content\/uploads\/2018\/11\/project-4.jpg\" alt=\"\" \/>\n                        <\/a>\n                        <div class=\"p-info\">\n                            <h4>\n                                <a href=\"https:\/\/techservicesperu.com\/faresa2\/portfolio\/deploy-b2c-mindshare\/\">Deploy B2C mindshare<\/a>\n                            <\/h4>\n                            <p>Engineering \/ 2017 \/ Washington<\/p>\n                            <a class=\"link-details\" href=\"https:\/\/techservicesperu.com\/faresa2\/portfolio\/deploy-b2c-mindshare\/\"><\/a>\n                        <\/div>\n                    <\/div>\n                <\/div>\n                            <div class=\"project-item petroleum col-md-4 col-sm-6 small-thumb\">\n                    <div class=\"inner\">\n                        <a href=\"https:\/\/techservicesperu.com\/faresa2\/portfolio\/jalapeno-popper-dip\/\">\n                            <img decoding=\"async\" src=\"https:\/\/techservicesperu.com\/faresa2\/wp-content\/uploads\/2018\/11\/project-5.jpg\" alt=\"\" \/>\n                        <\/a>\n                        <div class=\"p-info\">\n                            <h4>\n                                <a href=\"https:\/\/techservicesperu.com\/faresa2\/portfolio\/jalapeno-popper-dip\/\">Jalapeno Popper Dip<\/a>\n                            <\/h4>\n                            <p>Petroleum \/ 2017 \/ Roma<\/p>\n                            <a class=\"link-details\" href=\"https:\/\/techservicesperu.com\/faresa2\/portfolio\/jalapeno-popper-dip\/\"><\/a>\n                        <\/div>\n                    <\/div>\n                <\/div>\n                            <div class=\"project-item energy col-md-4 col-sm-6 small-thumb\">\n                    <div class=\"inner\">\n                        <a href=\"https:\/\/techservicesperu.com\/faresa2\/portfolio\/monetize-b2b-portals\/\">\n                            <img decoding=\"async\" src=\"https:\/\/techservicesperu.com\/faresa2\/wp-content\/uploads\/2018\/11\/project-6.jpg\" alt=\"\" \/>\n                        <\/a>\n                        <div class=\"p-info\">\n                            <h4>\n                                <a href=\"https:\/\/techservicesperu.com\/faresa2\/portfolio\/monetize-b2b-portals\/\">Monetize B2B portals<\/a>\n                            <\/h4>\n                            <p>Energy \/ 2018 \/ Sydney<\/p>\n                            <a class=\"link-details\" href=\"https:\/\/techservicesperu.com\/faresa2\/portfolio\/monetize-b2b-portals\/\"><\/a>\n                        <\/div>\n                    <\/div>\n                <\/div>\n                    <\/div>\n    <\/div>\n\n    [\/vc_column][\/vc_row][vc_row equal_height=\u00bbyes\u00bb content_placement=\u00bbmiddle\u00bb css=\u00bb.vc_custom_1700109076534{padding-top: 100px !important;padding-bottom: 100px !important;background-image: url(http:\/\/wpdemo2.vegatheme.com\/industro\/wp-content\/uploads\/sites\/3\/2018\/11\/bg-home-dark.png?id=544) !important;background-position: center !important;background-repeat: no-repeat !important;background-size: cover !important;}\u00bb][vc_column offset=\u00bbvc_col-md-6&#8243;][vc_custom_heading text=\u00bbSOLUCIONES PERFECTAS PARA CUALQUIER INDUSTRIA\u00bb font_container=\u00bbtag:h2|text_align:left|color:%23ffffff\u00bb use_theme_fonts=\u00bbyes\u00bb css=\u00bb.vc_custom_1770006982058{margin-bottom: 0px !important;}\u00bb][\/vc_column][vc_column offset=\u00bbvc_col-md-6&#8243;][vc_row_inner][vc_column_inner width=\u00bb1\/3&#8243; offset=\u00bbvc_col-xs-4&#8243;]\n    <div class=\"fun-facts \">\n        <div class=\"number-fact\">\n            <span class=\"number\" data-to=\"40\" data-inviewport=\"yes\">0<\/span>\n        <\/div>\n        <div class=\"title-fact\">\n            A\u00f1os            <span class=\"text-primary\">Experiencia<\/span>\n        <\/div>\n    <\/div>\n\n    [\/vc_column_inner][vc_column_inner width=\u00bb1\/3&#8243; offset=\u00bbvc_col-xs-4&#8243;]\n    <div class=\"fun-facts \">\n        <div class=\"number-fact\">\n            <span class=\"number\" data-to=\"300\" data-inviewport=\"yes\">0<\/span>\n        <\/div>\n        <div class=\"title-fact\">\n            Proyectos            <span class=\"text-primary\">Completados<\/span>\n        <\/div>\n    <\/div>\n\n    [\/vc_column_inner][vc_column_inner width=\u00bb1\/3&#8243; offset=\u00bbvc_col-xs-4&#8243;]\n    <div class=\"fun-facts \">\n        <div class=\"number-fact\">\n            <span class=\"number\" data-to=\"50\" data-inviewport=\"yes\">0<\/span>\n        <\/div>\n        <div class=\"title-fact\">\n            Colaboradores            <span class=\"text-primary\">Especializados<\/span>\n        <\/div>\n    <\/div>\n\n    [\/vc_column_inner][\/vc_row_inner][vc_empty_space height=\u00bb60px\u00bb el_class=\u00bblg-hidden\u00bb][\/vc_column][\/vc_row][vc_row css=\u00bb.vc_custom_1542965166317{padding-top: 100px !important;padding-bottom: 100px !important;background-color: #f7f7f7 !important;}\u00bb][vc_column][vc_column_text css=\u00bb.vc_custom_1770007126168{margin-bottom: 60px !important;}\u00bb]<\/p>\n<p class=\"subtitle\">NUESTROS<\/p>\n<h2>CLIENTES<\/h2>\n<p>[\/vc_column_text]\n            <div class=\"partner-grid logo-grid col-6\">\n            <div class=\"grid-row\">\n                                    <div class=\"partner-item  one-row\">\n                                                    <img decoding=\"async\" src=\"https:\/\/techservicesperu.com\/faresa2\/wp-content\/uploads\/2025\/10\/CERVECERIA-NACIONAL.png\" alt=\"\">\n                                            <\/div>\n                                    <div class=\"partner-item \">\n                                                    <img decoding=\"async\" src=\"https:\/\/techservicesperu.com\/faresa2\/wp-content\/uploads\/2025\/10\/GRUPO_MODELO_TROPICO.png\" alt=\"\">\n                                            <\/div>\n                                    <div class=\"partner-item \">\n                                                    <img decoding=\"async\" src=\"https:\/\/techservicesperu.com\/faresa2\/wp-content\/uploads\/2025\/10\/BAVARIA-LOGO.png\" alt=\"\">\n                                            <\/div>\n                                    <div class=\"partner-item \">\n                                                    <img decoding=\"async\" src=\"https:\/\/techservicesperu.com\/faresa2\/wp-content\/uploads\/2025\/10\/heineken-1.png\" alt=\"\">\n                                            <\/div>\n                                    <div class=\"partner-item \">\n                                                    <img decoding=\"async\" src=\"https:\/\/techservicesperu.com\/faresa2\/wp-content\/uploads\/2025\/10\/CerveceriaUnion-logo.png\" alt=\"\">\n                                            <\/div>\n                                    <div class=\"partner-item \">\n                                                    <img decoding=\"async\" src=\"https:\/\/techservicesperu.com\/faresa2\/wp-content\/uploads\/2025\/10\/San-fernando-1.png\" alt=\"\">\n                                            <\/div>\n                                    <div class=\"partner-item last one-row\">\n                                                    <img decoding=\"async\" src=\"https:\/\/techservicesperu.com\/faresa2\/wp-content\/uploads\/2025\/10\/Gloria-1.png\" alt=\"\">\n                                            <\/div>\n                                    <div class=\"partner-item last\">\n                                                    <img decoding=\"async\" src=\"https:\/\/techservicesperu.com\/faresa2\/wp-content\/uploads\/2025\/09\/alicorp.png\" alt=\"\">\n                                            <\/div>\n                                    <div class=\"partner-item last\">\n                                                    <img decoding=\"async\" src=\"https:\/\/techservicesperu.com\/faresa2\/wp-content\/uploads\/2025\/09\/cerveceria-union.png\" alt=\"\">\n                                            <\/div>\n                                    <div class=\"partner-item last\">\n                                                    <img decoding=\"async\" src=\"https:\/\/techservicesperu.com\/faresa2\/wp-content\/uploads\/2025\/09\/backus.png\" alt=\"\">\n                                            <\/div>\n                                    <div class=\"partner-item last\">\n                                                    <img decoding=\"async\" src=\"https:\/\/techservicesperu.com\/faresa2\/wp-content\/uploads\/2025\/09\/dhl.png\" alt=\"\">\n                                            <\/div>\n                                    <div class=\"partner-item last\">\n                                                    <img decoding=\"async\" src=\"https:\/\/techservicesperu.com\/faresa2\/wp-content\/uploads\/2025\/09\/san-juan.png\" alt=\"\">\n                                            <\/div>\n                            <\/div>\n        <\/div>\n    \n    [\/vc_column][\/vc_row][vc_row][vc_column][vc_column_text css=\u00bb.vc_custom_1770007391016{padding-top: 50px !important;padding-bottom: 50px !important;}\u00bb]<\/p>\n<p class=\"subtitle\">NUESTRAS<\/p>\n<h2>CERTIFICACIONES Y HOMOLOGACIONES<\/h2>\n<p>[\/vc_column_text][\/vc_column][\/vc_row][vc_row][vc_column width=\u00bb1\/3&#8243;][vc_single_image image=\u00bb1048&#8243; img_size=\u00bb184&#215;183&#8243; alignment=\u00bbcenter\u00bb onclick=\u00bbcustom_link\u00bb img_link_target=\u00bb_blank\u00bb css=\u00bb\u00bb link=\u00bbhttps:\/\/techservicesperu.com\/faresa2\/certificados\/9001_FABRICACION_DE%20_REPUESTOS.pdf\u00bb][\/vc_column][vc_column width=\u00bb1\/3&#8243;][vc_single_image image=\u00bb1139&#8243; img_size=\u00bbfull\u00bb alignment=\u00bbcenter\u00bb onclick=\u00bbcustom_link\u00bb img_link_target=\u00bb_blank\u00bb css=\u00bb\u00bb link=\u00bbhttps:\/\/techservicesperu.com\/faresa2\/certificados\/CERTIFICADO_GLORIA_ICONTEC.pdf\u00bb][\/vc_column][vc_column width=\u00bb1\/3&#8243;][vc_single_image image=\u00bb1190&#8243; img_size=\u00bbfull\u00bb alignment=\u00bbcenter\u00bb onclick=\u00bbcustom_link\u00bb img_link_target=\u00bb_blank\u00bb css=\u00bb\u00bb link=\u00bbhttps:\/\/techservicesperu.com\/faresa2\/certificados\/CERTIFICADO_BUREAU_VERITAS.pdf\u00bb][\/vc_column][\/vc_row]<\/p>\n<\/div>","protected":false},"excerpt":{"rendered":"<p>[vc_row full_width=\u00bbstretch_row_content_no_spaces\u00bb fullwidth=\u00bbtrue\u00bb][vc_column][rev_slider_vc alias=\u00bbhome-2&#8243;][\/vc_column][\/vc_row][vc_row css=\u00bb.vc_custom_1700109154488{padding-bottom: 100px !important;background-image: url(http:\/\/wpdemo2.vegatheme.com\/industro\/wp-content\/uploads\/sites\/3\/2018\/11\/bg-map.png?id=629) !important;}\u00bb][vc_column][vc_empty_space height=\u00bb100px\u00bb css=\u00bb.vc_custom_1542963136329{border-top-width: 1px !important;border-top-color: #dadbdf !important;border-top-style: solid !important;}\u00bb][\/vc_column][vc_column offset=\u00bbvc_col-lg-5 vc_col-md-6&#8243;][vc_column_text css=\u00bb.vc_custom_1758943317553{margin-bottom: 27px !important;}\u00bb] FABRICACION DE REPUESTOS S.A. MAS DE 40 A\u00d1OS CONTRIBUYENDO CON EL DESARROLLO DEL PAIS. [\/vc_column_text][vc_column_text css=\u00bb.vc_custom_1758943754724{margin-bottom: 60px !important;}\u00bb]Empresa l\u00edder en la fabricaci\u00f3n de repuestos y en proyectos de automatizaci\u00f3n y mantenimiento de equipos [&hellip;]<\/p>\n","protected":false},"author":1,"featured_media":0,"parent":0,"menu_order":0,"comment_status":"closed","ping_status":"closed","template":"","meta":{"_joinchat":[],"footnotes":""},"class_list":["post-620","page","type-page","status-publish","hentry"],"_links":{"self":[{"href":"https:\/\/techservicesperu.com\/faresa2\/wp-json\/wp\/v2\/pages\/620","targetHints":{"allow":["GET"]}}],"collection":[{"href":"https:\/\/techservicesperu.com\/faresa2\/wp-json\/wp\/v2\/pages"}],"about":[{"href":"https:\/\/techservicesperu.com\/faresa2\/wp-json\/wp\/v2\/types\/page"}],"author":[{"embeddable":true,"href":"https:\/\/techservicesperu.com\/faresa2\/wp-json\/wp\/v2\/users\/1"}],"replies":[{"embeddable":true,"href":"https:\/\/techservicesperu.com\/faresa2\/wp-json\/wp\/v2\/comments?post=620"}],"version-history":[{"count":27,"href":"https:\/\/techservicesperu.com\/faresa2\/wp-json\/wp\/v2\/pages\/620\/revisions"}],"predecessor-version":[{"id":1192,"href":"https:\/\/techservicesperu.com\/faresa2\/wp-json\/wp\/v2\/pages\/620\/revisions\/1192"}],"wp:attachment":[{"href":"https:\/\/techservicesperu.com\/faresa2\/wp-json\/wp\/v2\/media?parent=620"}],"curies":[{"name":"wp","href":"https:\/\/api.w.org\/{rel}","templated":true}]}}